{"id":434,"date":"2015-07-07T20:55:52","date_gmt":"2015-07-07T20:55:52","guid":{"rendered":"http:\/\/zoutula.com\/themes\/kiddie\/?page_id=434"},"modified":"2026-01-27T19:13:18","modified_gmt":"2026-01-27T19:13:18","slug":"o-nas","status":"publish","type":"page","link":"https:\/\/www.msklasek.cz\/index.php\/o-nas\/","title":{"rendered":"O n\u00e1s"},"content":{"rendered":"<div class=\"wpb-content-wrapper\"><p>[vc_row equal_height=&#8220;yes&#8220; content_placement=&#8220;middle&#8220; el_class=&#8220;ztl-row&#8220;][vc_column width=&#8220;1\/2&#8243;][vc_column_text]Mate\u0159sk\u00e1 \u0161kola Kl\u00e1sek je st\u00e1tn\u00ed p\u0159\u00edsp\u011bvkov\u00e1 organizace Ministerstva zem\u011bd\u011blstv\u00ed, kter\u00e9 je jej\u00edm z\u0159izovatelem. Jej\u00edm posl\u00e1n\u00edm je podporovat v\u0161estrann\u00fd osobnostn\u00ed rozvoj, t\u011blesn\u00fd a rozumov\u00fd r\u016fst <strong>d\u011bt\u00ed a vnou\u010dat<\/strong> zam\u011bstnanc\u016f Ministerstva zem\u011bd\u011blstv\u00ed a zam\u011bstnanc\u016f dal\u0161\u00edch subjekt\u016f v rezortu Ministerstva zem\u011bd\u011blstv\u00ed.<\/p>\n<p>Vznikla dne 1. \u010dervence 2015 jako D\u011btsk\u00e1 skupina Kl\u00e1sek Ministerstva zem\u011bd\u011blstv\u00ed \u010cR. Dne 1. z\u00e1\u0159\u00ed 2017 byla transformov\u00e1na na mate\u0159skou \u0161kolu.<\/p>\n<p>Mate\u0159sk\u00e1 \u0161kola s\u00eddl\u00ed v historick\u00e9 budov\u011b Ministerstva zem\u011bd\u011blstv\u00ed. Jedn\u00e1 se o dvout\u0159\u00eddn\u00ed mate\u0159skou \u0161kolu s celodenn\u00edm provozem a kapacitou 42 d\u011bt\u00ed. M\u0160 Kl\u00e1sek poskytuje p\u0159ed\u0161koln\u00ed vzd\u011bl\u00e1v\u00e1n\u00ed d\u011btem od 2 let a\u017e do zah\u00e1jen\u00ed povinn\u00e9 \u0161koln\u00ed doch\u00e1zky.<\/p>\n<p>Z\u00e1kladn\u00ed po\u017eadavky a podm\u00ednky \u010dinnosti mate\u0159sk\u00e9 \u0161koly vymezuje \u0161koln\u00ed vzd\u011bl\u00e1vac\u00ed program, kter\u00fd je zpracov\u00e1n v souladu s R\u00e1mcov\u00fdm vzd\u011bl\u00e1vac\u00edm programem pro p\u0159ed\u0161koln\u00ed vzd\u011bl\u00e1v\u00e1n\u00ed<\/p>\n<p>Vzd\u011bl\u00e1vac\u00ed \u010dinnosti jsou pestr\u00e9 a zam\u011b\u0159en\u00e9 na celkov\u00fd rozvoj d\u00edt\u011bte \u2013 rozumov\u00fd, pohybov\u00fd, soci\u00e1ln\u00ed, emocion\u00e1ln\u00ed a estetick\u00fd. D\u011bti se u\u010d\u00ed prost\u0159ednictv\u00edm hry, ka\u017edodenn\u00edch \u010dinnost\u00ed a spole\u010dn\u00fdch z\u00e1\u017eitk\u016f ve skupin\u011b vrstevn\u00edk\u016f.[\/vc_column_text][\/vc_column][vc_column width=&#8220;1\/2&#8243;][vc_single_image image=&#8220;3823&#8243; img_size=&#8220;600&#215;600&#8243; alignment=&#8220;center&#8220; onclick=&#8220;link_image&#8220;][\/vc_column][\/vc_row][vc_row][vc_column offset=&#8220;vc_hidden-md vc_hidden-sm vc_hidden-xs&#8220;][vc_empty_space height=&#8220;20px&#8220;][\/vc_column][\/vc_row][vc_row equal_height=&#8220;yes&#8220; content_placement=&#8220;middle&#8220;][vc_column width=&#8220;1\/2&#8243; el_class=&#8220;ztl-divider-top-768&#8243;][vc_column_text]V na\u0161\u00ed mate\u0159sk\u00e9 \u0161kole vytv\u00e1\u0159\u00edme klidn\u00e9 a p\u0159\u00e1telsk\u00e9 prost\u0159ed\u00ed, ve kter\u00e9m se d\u011bti c\u00edt\u00ed bezpe\u010dn\u011b a p\u0159ij\u00edman\u00e9. Podporujeme jejich samostatnost, zodpov\u011bdnost, vz\u00e1jemn\u00fd respekt a schopnost spolupracovat s ostatn\u00edmi. Ke ka\u017ed\u00e9mu d\u00edt\u011bti p\u0159istupujeme individu\u00e1ln\u011b a s ohledem na jeho pot\u0159eby, mo\u017enosti a tempo v\u00fdvoje.<\/p>\n<p>Mate\u0159sk\u00e1 \u0161kola nedisponuje vlastn\u00ed zahradou. Pro pobyt d\u011bt\u00ed venku jsou vyu\u017e\u00edv\u00e1ny bl\u00edzk\u00e9 ve\u0159ejn\u00e9 prostory, zejm\u00e9na sportovn\u00ed are\u00e1l s d\u011btsk\u00fdm h\u0159i\u0161t\u011bm, Park Lannova, a dal\u0161\u00ed vhodn\u00e1 d\u011btsk\u00e1 h\u0159i\u0161t\u011b a parky v doch\u00e1zkov\u00e9 vzd\u00e1lenosti.<\/p>\n<p>Sou\u010d\u00e1st\u00ed mate\u0159sk\u00e9 \u0161koly je v\u00fddejna stravy. J\u00eddlo p\u0159ipravuje\u00a0Za\u0159\u00edzen\u00ed slu\u017eeb MZe s.p.o<strong>.<\/strong>\u00a0denn\u011b \u010derstv\u00e9 v souladu se z\u00e1sadami zdrav\u00e9 v\u00fd\u017eivy a hygienick\u00fdmi normami pro\u00a0stravov\u00e1n\u00ed d\u011bt\u00ed p\u0159ed\u0161koln\u00edho v\u011bku.<\/p>\n<p>Velk\u00fd d\u016fraz klademe na spolupr\u00e1ci s rodi\u010di. Vz\u00e1jemn\u00e1 komunikace je zalo\u017eena na otev\u0159enosti, d\u016fv\u011b\u0159e a respektu. Spole\u010dn\u00fdm c\u00edlem je spokojen\u00e9 a zdrav\u011b se rozv\u00edjej\u00edc\u00ed d\u00edt\u011b.[\/vc_column_text][\/vc_column][vc_column width=&#8220;1\/2&#8243;][\/vc_column][\/vc_row]<\/p>\n<\/div>","protected":false},"excerpt":{"rendered":"<p>[vc_row equal_height=&#8220;yes&#8220; content_placement=&#8220;middle&#8220; el_class=&#8220;ztl-row&#8220;][vc_column width=&#8220;1\/2&#8243;][vc_column_text]Mate\u0159sk\u00e1 \u0161kola Kl\u00e1sek je st\u00e1tn\u00ed p\u0159\u00edsp\u011bvkov\u00e1 organizace Ministerstva zem\u011bd\u011blstv\u00ed, kter\u00e9 je jej\u00edm z\u0159izovatelem. Jej\u00edm posl\u00e1n\u00edm je podporovat v\u0161estrann\u00fd osobnostn\u00ed rozvoj, t\u011blesn\u00fd a rozumov\u00fd r\u016fst d\u011bt\u00ed a vnou\u010dat zam\u011bstnanc\u016f Ministerstva zem\u011bd\u011blstv\u00ed a zam\u011bstnanc\u016f dal\u0161\u00edch subjekt\u016f v rezortu Ministerstva zem\u011bd\u011blstv\u00ed. Vznikla dne 1. \u010dervence 2015 jako D\u011btsk\u00e1 skupina Kl\u00e1sek Ministerstva zem\u011bd\u011blstv\u00ed \u010cR. Dne [&hellip;]<\/p>\n","protected":false},"author":1,"featured_media":0,"parent":0,"menu_order":0,"comment_status":"closed","ping_status":"open","template":"template-about-us.php","meta":{"footnotes":""},"class_list":["post-434","page","type-page","status-publish","hentry"],"_links":{"self":[{"href":"https:\/\/www.msklasek.cz\/index.php\/wp-json\/wp\/v2\/pages\/434","targetHints":{"allow":["GET"]}}],"collection":[{"href":"https:\/\/www.msklasek.cz\/index.php\/wp-json\/wp\/v2\/pages"}],"about":[{"href":"https:\/\/www.msklasek.cz\/index.php\/wp-json\/wp\/v2\/types\/page"}],"author":[{"embeddable":true,"href":"https:\/\/www.msklasek.cz\/index.php\/wp-json\/wp\/v2\/users\/1"}],"replies":[{"embeddable":true,"href":"https:\/\/www.msklasek.cz\/index.php\/wp-json\/wp\/v2\/comments?post=434"}],"version-history":[{"count":10,"href":"https:\/\/www.msklasek.cz\/index.php\/wp-json\/wp\/v2\/pages\/434\/revisions"}],"predecessor-version":[{"id":4288,"href":"https:\/\/www.msklasek.cz\/index.php\/wp-json\/wp\/v2\/pages\/434\/revisions\/4288"}],"wp:attachment":[{"href":"https:\/\/www.msklasek.cz\/index.php\/wp-json\/wp\/v2\/media?parent=434"}],"curies":[{"name":"wp","href":"https:\/\/api.w.org\/{rel}","templated":true}]}}