{"id":3706,"date":"2018-01-21T19:01:56","date_gmt":"2018-01-21T19:01:56","guid":{"rendered":"http:\/\/www.msklasek.cz\/?page_id=3706"},"modified":"2026-02-22T19:40:23","modified_gmt":"2026-02-22T19:40:23","slug":"informace","status":"publish","type":"page","link":"https:\/\/www.msklasek.cz\/index.php\/informace\/","title":{"rendered":"Informace"},"content":{"rendered":"<div class=\"wpb-content-wrapper\"><p>[vc_row][vc_column][vc_custom_heading text=&#8220;Povinn\u011b zve\u0159ej\u0148ovan\u00e9 informace:&#8220; font_container=&#8220;tag:h2|text_align:left|color:%23683400&#8243; use_theme_fonts=&#8220;yes&#8220;][\/vc_column][\/vc_row][vc_row][vc_column][vc_empty_space height=&#8220;10px&#8220;][\/vc_column][\/vc_row][vc_row][vc_column][vc_column_text]<a href=\"https:\/\/www.msklasek.cz\/wp-content\/uploads\/2025\/09\/svp_klasek_2025.pdf\">\u0160koln\u00ed vzd\u011bl\u00e1vac\u00ed program pro p\u0159ed\u0161koln\u00ed vzd\u011bl\u00e1v\u00e1n\u00ed<\/a><\/p>\n<p><a href=\"https:\/\/www.msklasek.cz\/wp-content\/uploads\/2025\/09\/Skolni-rad-MS-Klasek_2025.pdf\">\u0160koln\u00ed \u0159\u00e1d M\u0160 Kl\u00e1sek s.p.o.<\/a> (P\u0159\u00edlohy \u0161koln\u00edho \u0159\u00e1du: <a href=\"http:\/\/www.msklasek.cz\/wp-content\/uploads\/2018\/04\/\u017e\u00e1dost-o-p\u0159ijet\u00ed-s-potvrzen\u00edm-zam\u011bstnavatele.pdf\">\u017d\u00e1dost o p\u0159ijet\u00ed d\u00edt\u011bte k p\u0159ed\u0161koln\u00edmu vzd\u011bl\u00e1v\u00e1n\u00ed<\/a>, <a href=\"https:\/\/www.msklasek.cz\/wp-content\/uploads\/2024\/09\/Evidencni_list.pdf\">Eviden\u010dn\u00ed list d\u00edt\u011bte<\/a>)<\/p>\n<p><a href=\"https:\/\/www.msklasek.cz\/wp-content\/uploads\/2025\/11\/vnitrni-rad-skolni-jidelny_vydejny_2025-1.pdf\">Vnit\u0159n\u00ed \u0159\u00e1d \u0161koln\u00ed j\u00eddelny<\/a><\/p>\n<p><a href=\"https:\/\/www.msklasek.cz\/wp-content\/uploads\/2025\/03\/Vyrocni-zprava-2025_106_1999-Sb.pdf\">V\u00fdro\u010dn\u00ed zpr\u00e1va M\u0160 Kl\u00e1sek s.p.o. o poskytov\u00e1n\u00ed informac\u00ed podle z\u00e1kona o svobodn\u00e9m p\u0159\u00edstupu k informac\u00edm za rok 2024<\/a><\/p>\n<p><a href=\"https:\/\/www.msklasek.cz\/wp-content\/uploads\/2026\/02\/Vyrocni-zprava-2025_106_1999Sb.pdf\">V\u00fdro\u010dn\u00ed zpr\u00e1va M\u0160 Kl\u00e1sek o poskytov\u00e1n\u00ed informac\u00ed podle z\u00e1kona o svobodn\u00e9m p\u0159\u00edstupu k\u00a0informac\u00edm za rok 2025<\/a><\/p>\n<p><a href=\"https:\/\/www.msklasek.cz\/wp-content\/uploads\/2024\/09\/Eticky-kodex-zamestnancu-MS-Klasek.pdf\">Etick\u00fd kodex zam\u011bstnanc\u016f Mate\u0159sk\u00e9 \u0161koly Kl\u00e1sek s.p.o.<\/a><\/p>\n<p><a href=\"https:\/\/www.msklasek.cz\/wp-content\/uploads\/2026\/01\/organizacni-struktura_k_31_12_2025.pdf\">Organiza\u010dn\u00ed struktura M\u0160 Kl\u00e1sek s.p.o.<\/a><\/p>\n<p><a href=\"https:\/\/www.msklasek.cz\/wp-content\/uploads\/2024\/09\/Vnitrni-predpis-RO-k-RIPP-MZe_09_2024.pdf\">Vnit\u0159n\u00ed p\u0159edpis rezortn\u00ed organizace k RIPP MZe \u010cR<\/a>; Aktualizovan\u00fd Rezortn\u00ed intern\u00ed protikorup\u010dn\u00ed program MZe \u010cR <a href=\"http:\/\/eagri.cz\/public\/web\/mze\/ministerstvo-zemedelstvi\/o-ministerstvu\/protikorupcni-strategie\/rezortni-interni-protikorupcni-program\/\">na webu MZe<\/a>; P\u0159\u00edloha &#8211; <a href=\"https:\/\/www.msklasek.cz\/wp-content\/uploads\/2024\/09\/KORUPCE_letak-1.pdf\">let\u00e1k Korupce, jej\u00ed vymezen\u00ed a povaha<\/a><\/p>\n<p><a href=\"https:\/\/www.msklasek.cz\/wp-content\/uploads\/2024\/09\/System-pro-oznameni-podezreni-na-korupci.pdf\">Syst\u00e9m pro ozn\u00e1men\u00ed podez\u0159en\u00ed na korupci a ochrana oznamovatel\u016f<\/a><\/p>\n<p>Mate\u0159sk\u00e1 \u0161kola Kl\u00e1sek s.p.o. nedisponuje \u017e\u00e1dn\u00fdmi poradci \u010di poradn\u00edmi org\u00e1ny.<\/p>\n<p><a href=\"https:\/\/www.msklasek.cz\/wp-content\/uploads\/2025\/11\/S_Uplata-za-predskolni-vzdelavani.pdf\">Sm\u011brnice o \u00faplat\u011b za p\u0159ed\u0161koln\u00ed vzd\u011bl\u00e1v\u00e1n\u00ed v M\u0160 Kl\u00e1sek s.p.o.<\/a><\/p>\n<p><a href=\"http:\/\/www.msklasek.cz\/wp-content\/uploads\/2019\/04\/rozpocet_2018.pdf\">Rozpo\u010det 2018<\/a><\/p>\n<p><a href=\"http:\/\/www.msklasek.cz\/wp-content\/uploads\/2019\/04\/rozpocet_2019.pdf\">Rozpo\u010det 2019<\/a><\/p>\n<p><a href=\"https:\/\/www.msklasek.cz\/wp-content\/uploads\/2020\/01\/rozpocet-2020.pdf\">Rozpo\u010det 2020<\/a><\/p>\n<p><a href=\"https:\/\/www.msklasek.cz\/wp-content\/uploads\/2021\/01\/priloha_862114827_2_M\u0160-Kl\u00e1sek.pdf\">Rozpo\u010det 2021<\/a><\/p>\n<p><a href=\"https:\/\/www.msklasek.cz\/wp-content\/uploads\/2022\/04\/Rozpocet-2022-pdf.pdf\">Rozpo\u010det 2022<\/a><\/p>\n<p><a href=\"https:\/\/www.msklasek.cz\/wp-content\/uploads\/2023\/01\/Rozpocet_2023.pdf\">Rozpo\u010det 2023<\/a><\/p>\n<p><a href=\"https:\/\/www.msklasek.cz\/wp-content\/uploads\/2023\/06\/Rozpocet_2023.pdf\">Rozpo\u010det 2023 (upraven\u00fd)<\/a><\/p>\n<p><a href=\"https:\/\/www.msklasek.cz\/wp-content\/uploads\/2024\/02\/Rozpocet_2024.pdf\">Rozpo\u010det 2024<\/a><\/p>\n<p><a href=\"https:\/\/www.msklasek.cz\/wp-content\/uploads\/2025\/01\/Rozpocet-2025.pdf\">Rozpo\u010det 2024 (upraven\u00fd)<\/a><\/p>\n<p><a href=\"https:\/\/www.msklasek.cz\/wp-content\/uploads\/2025\/01\/Rozpocet-2025.pdf\">Rozpo\u010det 2025<\/a><\/p>\n<p><a href=\"http:\/\/www.msklasek.cz\/wp-content\/uploads\/2019\/04\/navrh_rozpoctu_2019-2021.pdf\">N\u00e1vrh rozpo\u010dtu 2019-2021<\/a><\/p>\n<p><a href=\"https:\/\/www.msklasek.cz\/wp-content\/uploads\/2019\/09\/navrh_rozpoctu_2020-2022.pdf\">N\u00e1vrh rozpo\u010dtu 2020-2022<\/a><\/p>\n<p><a href=\"https:\/\/www.msklasek.cz\/wp-content\/uploads\/2022\/05\/Navrh-rozpoctu-2021-2023.pdf\">N\u00e1vrh rozpo\u010dtu 2021-2023<\/a><\/p>\n<p><a href=\"https:\/\/www.msklasek.cz\/wp-content\/uploads\/2021\/10\/N\u00e1vrh-rozpo\u010dtu-2022-2024.pdf\">N\u00e1vrh rozpo\u010dtu 2022-2024<\/a><\/p>\n<p><a href=\"https:\/\/www.msklasek.cz\/wp-content\/uploads\/2023\/02\/Navrh-rozpoctu-2023-2025.pdf\">N\u00e1vrh rozpo\u010dtu 2023-2025<\/a><\/p>\n<p><a href=\"https:\/\/www.msklasek.cz\/wp-content\/uploads\/2024\/03\/Navrh-rozpoctu-2024_2026.pdf\">N\u00e1vrh rozpo\u010dtu 2024-2026<\/a><\/p>\n<p><a href=\"https:\/\/www.msklasek.cz\/wp-content\/uploads\/2025\/01\/Navrh-rozpoctu-2025_2027.pdf\">N\u00e1vrh rozpo\u010dtu 2025-2027<\/a><\/p>\n<p><a href=\"https:\/\/www.msklasek.cz\/wp-content\/uploads\/2020\/04\/priloha_775902271_0_SPO-M\u0160-Kl\u00e1sek-\u00faprava-z\u00e1vazn\u00e9ho-limitu-zam\u011bstnanosti-2020.xls\">\u00daprava z\u00e1vazn\u00e9ho limitu zam\u011bstnanosti 2020<\/a><\/p>\n<p><a href=\"https:\/\/www.msklasek.cz\/wp-content\/uploads\/2022\/10\/priloha_1089168614_2_SPO-MS-Klasek-uprava-zavazneho-limitu-zamestnanosti-2022.xls\">\u00daprava z\u00e1vazn\u00e9ho limitu zam\u011bstnanosti 2022<\/a><\/p>\n<p><a href=\"https:\/\/www.msklasek.cz\/wp-content\/uploads\/2020\/12\/P\u0159ehled-o-rozpo\u010dtu-n\u00e1klad\u016f-a-v\u00fdnos\u016f-st\u00e1tn\u00edch-p\u0159\u00edsp\u011bvkov\u00fdch-organizac\u00ed-a-dal\u0161\u00ed-dopl\u0148uj\u00edc\u00ed-\u00fadaje-HV-skute\u010dnost-2018.pdf\">Skute\u010dnost HV 2018<\/a><\/p>\n<p><a href=\"https:\/\/www.msklasek.cz\/wp-content\/uploads\/2020\/12\/P\u0159ehled-o-rozpo\u010dtu-n\u00e1klad\u016f-a-v\u00fdnos\u016f-st\u00e1tn\u00edch-p\u0159\u00edsp\u011bvkov\u00fdch-organizac\u00ed-a-dal\u0161\u00ed-dopl\u0148uj\u00edc\u00ed-\u00fadaje-hlavn\u00ed-\u010dinnost.pdf\">Skute\u010dnost HV 2019<\/a><\/p>\n<p><a href=\"https:\/\/www.msklasek.cz\/wp-content\/uploads\/2022\/05\/Skutecnost-HV-2020.pdf\">Skute\u010dnost HV 2020<\/a><\/p>\n<p><a href=\"https:\/\/www.msklasek.cz\/wp-content\/uploads\/2023\/02\/Skutecnost-HV-2021.pdf\">Skute\u010dnost HV 2021<\/a><\/p>\n<p><a href=\"https:\/\/www.msklasek.cz\/wp-content\/uploads\/2024\/03\/Skutecnost-HV-2022.pdf\">Skute\u010dnost HV 2022<\/a><\/p>\n<p><a href=\"https:\/\/www.msklasek.cz\/wp-content\/uploads\/2024\/03\/Skutecnost-HV-2023.pdf\">Skute\u010dnost HV 2023<\/a>[\/vc_column_text][\/vc_column][\/vc_row][vc_row][vc_column][vc_empty_space height=&#8220;10px&#8220;][\/vc_column][\/vc_row][vc_row][vc_column][\/vc_column][\/vc_row]<\/p>\n<\/div>","protected":false},"excerpt":{"rendered":"<p>[vc_row][vc_column][vc_custom_heading text=&#8220;Povinn\u011b zve\u0159ej\u0148ovan\u00e9 informace:&#8220; font_container=&#8220;tag:h2|text_align:left|color:%23683400&#8243; use_theme_fonts=&#8220;yes&#8220;][\/vc_column][\/vc_row][vc_row][vc_column][vc_empty_space height=&#8220;10px&#8220;][\/vc_column][\/vc_row][vc_row][vc_column][vc_column_text]\u0160koln\u00ed vzd\u011bl\u00e1vac\u00ed program pro p\u0159ed\u0161koln\u00ed vzd\u011bl\u00e1v\u00e1n\u00ed \u0160koln\u00ed \u0159\u00e1d M\u0160 Kl\u00e1sek s.p.o. (P\u0159\u00edlohy \u0161koln\u00edho \u0159\u00e1du: \u017d\u00e1dost o p\u0159ijet\u00ed d\u00edt\u011bte k p\u0159ed\u0161koln\u00edmu vzd\u011bl\u00e1v\u00e1n\u00ed, Eviden\u010dn\u00ed list d\u00edt\u011bte) Vnit\u0159n\u00ed \u0159\u00e1d \u0161koln\u00ed j\u00eddelny V\u00fdro\u010dn\u00ed zpr\u00e1va M\u0160 Kl\u00e1sek s.p.o. o poskytov\u00e1n\u00ed informac\u00ed podle z\u00e1kona o svobodn\u00e9m p\u0159\u00edstupu k informac\u00edm za rok 2024 V\u00fdro\u010dn\u00ed zpr\u00e1va M\u0160 [&hellip;]<\/p>\n","protected":false},"author":1,"featured_media":0,"parent":0,"menu_order":0,"comment_status":"closed","ping_status":"closed","template":"","meta":{"footnotes":""},"class_list":["post-3706","page","type-page","status-publish","hentry"],"_links":{"self":[{"href":"https:\/\/www.msklasek.cz\/index.php\/wp-json\/wp\/v2\/pages\/3706","targetHints":{"allow":["GET"]}}],"collection":[{"href":"https:\/\/www.msklasek.cz\/index.php\/wp-json\/wp\/v2\/pages"}],"about":[{"href":"https:\/\/www.msklasek.cz\/index.php\/wp-json\/wp\/v2\/types\/page"}],"author":[{"embeddable":true,"href":"https:\/\/www.msklasek.cz\/index.php\/wp-json\/wp\/v2\/users\/1"}],"replies":[{"embeddable":true,"href":"https:\/\/www.msklasek.cz\/index.php\/wp-json\/wp\/v2\/comments?post=3706"}],"version-history":[{"count":72,"href":"https:\/\/www.msklasek.cz\/index.php\/wp-json\/wp\/v2\/pages\/3706\/revisions"}],"predecessor-version":[{"id":4297,"href":"https:\/\/www.msklasek.cz\/index.php\/wp-json\/wp\/v2\/pages\/3706\/revisions\/4297"}],"wp:attachment":[{"href":"https:\/\/www.msklasek.cz\/index.php\/wp-json\/wp\/v2\/media?parent=3706"}],"curies":[{"name":"wp","href":"https:\/\/api.w.org\/{rel}","templated":true}]}}