{"id":314,"date":"2015-03-15T08:21:38","date_gmt":"2015-03-15T08:21:38","guid":{"rendered":"http:\/\/zoutula.com\/themes\/kiddie\/?page_id=314"},"modified":"2026-04-06T12:52:01","modified_gmt":"2026-04-06T12:52:01","slug":"kontakt","status":"publish","type":"page","link":"https:\/\/www.msklasek.cz\/index.php\/kontakt\/","title":{"rendered":"Kontakt"},"content":{"rendered":"<div class=\"wpb-content-wrapper\"><p>[vc_row css=&#8220;.vc_custom_1435087865321{margin-right: 0px !important;margin-left: 0px !important;}&#8220;][vc_column][vc_empty_space height=&#8220;64px&#8220;][\/vc_column][\/vc_row][vc_row full_width=&#8220;stretch_row&#8220; css=&#8220;.vc_custom_1452369431116{margin-top: -155px !important;margin-right: 0px !important;margin-left: 0px !important;background-color: rgba(255,255,255,0.9) !important;*background-color: rgb(255,255,255) !important;}&#8220; el_class=&#8220;ztl-contact-over-map&#8220;][vc_column width=&#8220;1\/3&#8243; css=&#8220;.vc_custom_1452523135109{padding-top: 0px !important;}&#8220;][vc_column_text el_class=&#8220;ztl-contact-box&#8220;]<\/p>\n<h1 style=\"text-align: center; font-size: 24px;\"><span style=\"color: #704825;\">Adresa<\/span><\/h1>\n<p style=\"text-align: center;\">Mate\u0159sk\u00e1 \u0161kola Kl\u00e1sek s.p.o.<br \/>\nT\u011b\u0161nov 65\/17<br \/>\nPraha 1 &#8211; Nov\u00e9 m\u011bsto<br \/>\nI\u010cO: 06081771<br \/>\nID datov\u00e1 schr\u00e1nka: ap9jd39<br \/>\n\u010c\u00edslo bankovn\u00edho \u00fa\u010dtu: 538011\/0710<br \/>\nIZO 181088762<\/p>\n<p>[\/vc_column_text][\/vc_column][vc_column width=&#8220;1\/3&#8243; css=&#8220;.vc_custom_1452523166923{margin-top: 0px !important;padding-top: 0px !important;}&#8220;][vc_column_text el_class=&#8220;ztl-contact-box&#8220;]<\/p>\n<h1 style=\"text-align: center; font-size: 24px;\"><span style=\"color: #704825;\">Telefon &amp; Email<br \/>\n<\/span><\/h1>\n<p style=\"text-align: center;\">+420 702 169 430<br \/>\ninfo@msklasek.cz<\/p>\n<p>[\/vc_column_text][\/vc_column][vc_column width=&#8220;1\/3&#8243; css=&#8220;.vc_custom_1452524283205{margin-top: 0px !important;padding-top: 0px !important;}&#8220;][vc_column_text el_class=&#8220;ztl-contact-box&#8220;]<\/p>\n<h1 style=\"text-align: center; font-size: 24px;\"><span style=\"color: #704825;\">Pracovn\u00ed doba<br \/>\n<\/span><\/h1>\n<p style=\"text-align: center;\">Pond\u011bl\u00ed &#8211; P\u00e1tek<br \/>\n7.00\u00a0 &#8211; 17.00<br \/>\nSobota &#8211; Ned\u011ble<br \/>\nzav\u0159eno<\/p>\n<p>[\/vc_column_text][\/vc_column][\/vc_row][vc_row][vc_column][vc_custom_heading text=&#8220;Kontakty&#8220; font_container=&#8220;tag:h1|font_size:42px|text_align:center|color:%2349340a|line_height:1&#8243; use_theme_fonts=&#8220;yes&#8220; css=&#8220;.vc_custom_1519152743880{padding-bottom: 30px !important;}&#8220; el_class=&#8220;custom-header-title&#8220;][\/vc_column][vc_column width=&#8220;1\/3&#8243;][vc_single_image image=&#8220;3886&#8243; alignment=&#8220;center&#8220;][vc_column_text]<\/p>\n<h4 style=\"text-align: center;\"><strong>Lenka Slepi\u010dkov\u00e1<br \/>\n<\/strong><\/h4>\n<h4 style=\"text-align: center;\"><em>\u0159editelka<br \/>\n<\/em><\/h4>\n<p style=\"text-align: center;\">+420 702 169 430<br \/>\nlenka.slepickova@msklasek.cz<\/p>\n<p>[\/vc_column_text][vc_empty_space height=&#8220;20px&#8220;][vc_single_image image=&#8220;3886&#8243; alignment=&#8220;center&#8220;][vc_column_text css=&#8220;&#8220;]<\/p>\n<h4 style=\"text-align: center;\"><strong>Emma Ulovcov\u00e1<br \/>\n<\/strong><\/h4>\n<h4 style=\"text-align: center;\"><em>u\u010ditelka<\/em><\/h4>\n<p style=\"text-align: center;\">+420 775 853 761<br \/>\nemma.ulovcova@msklasek.cz<\/p>\n<p>[\/vc_column_text][vc_empty_space height=&#8220;20px&#8220;][vc_single_image image=&#8220;3886&#8243; alignment=&#8220;center&#8220;][vc_column_text]<\/p>\n<h4 style=\"text-align: center;\"><strong>Dana Velasov\u00e1 Kahlerov\u00e1<br \/>\n<\/strong><\/h4>\n<h4 style=\"text-align: center;\"><em>asistentka pedagoga<\/em><\/h4>\n<p>[\/vc_column_text][vc_empty_space height=&#8220;20px&#8220;][vc_single_image image=&#8220;3886&#8243; alignment=&#8220;center&#8220;][vc_column_text]<\/p>\n<h4 style=\"text-align: center;\"><strong>Lucie Smirnova<\/strong><\/h4>\n<h4 style=\"text-align: center;\"><em>hospod\u00e1\u0159ka<\/em><\/h4>\n<p style=\"text-align: center;\">+420 770 132 999<br \/>\nlucie.smirnova@msklasek.cz<\/p>\n<p>[\/vc_column_text][\/vc_column][vc_column width=&#8220;1\/3&#8243;][vc_single_image image=&#8220;3886&#8243; alignment=&#8220;center&#8220;][vc_column_text css=&#8220;&#8220;]<\/p>\n<h4 style=\"text-align: center;\"><strong>Eli\u0161ka P\u0159ikryl<\/strong><\/h4>\n<h4 style=\"text-align: center;\"><em>u\u010ditelka<\/em><\/h4>\n<p style=\"text-align: center;\">+420\u00a0773\u00a0067\u00a0045<br \/>\neliska.prikryl@msklasek.cz<\/p>\n<p>[\/vc_column_text][vc_empty_space height=&#8220;20px&#8220;][vc_single_image image=&#8220;3886&#8243; alignment=&#8220;center&#8220;][vc_column_text]<\/p>\n<h4 style=\"text-align: center;\"><strong>Martina R\u00e1dl Hor\u00e1kov\u00e1<\/strong><\/h4>\n<h4 style=\"text-align: center;\"><em>u\u010ditelka<\/em><\/h4>\n<p style=\"text-align: center;\">+420 702 169 417<br \/>\nmartina.radl.horakova@msklasek.cz<\/p>\n<p>[\/vc_column_text][vc_empty_space height=&#8220;20px&#8220;][vc_single_image image=&#8220;3886&#8243; alignment=&#8220;center&#8220;][vc_column_text]<\/p>\n<h4 style=\"text-align: center;\"><strong>Ladislava Pokorn\u00e1<br \/>\n<\/strong><\/h4>\n<h4 style=\"text-align: center;\"><em>kucha\u0159ka<br \/>\n<\/em><\/h4>\n<p>[\/vc_column_text][vc_empty_space height=&#8220;20px&#8220;][vc_single_image image=&#8220;3887&#8243; alignment=&#8220;center&#8220;][vc_column_text]<\/p>\n<h4 style=\"text-align: center;\"><strong>Ing. Michal Golla<br \/>\n<\/strong><\/h4>\n<h4 style=\"text-align: center;\"><em>IT technik<\/em><strong><br \/>\n<\/strong><\/h4>\n<p style=\"text-align: center;\">michal.golla@seznam.cz<\/p>\n<p>[\/vc_column_text][\/vc_column][vc_column width=&#8220;1\/3&#8243;][vc_single_image image=&#8220;3886&#8243; alignment=&#8220;center&#8220;][vc_column_text]<\/p>\n<h4 style=\"text-align: center;\"><strong>Zuzana Hofmannov\u00e1<br \/>\n<\/strong><\/h4>\n<h4 style=\"text-align: center;\"><em>u\u010ditelka<\/em><\/h4>\n<p style=\"text-align: center;\">+420 770 193 090<br \/>\nzuzana.hofmannova@msklasek.cz<\/p>\n<p>[\/vc_column_text][vc_empty_space height=&#8220;20px&#8220;][vc_single_image image=&#8220;3886&#8243; alignment=&#8220;center&#8220;][vc_column_text css=&#8220;&#8220;]<\/p>\n<h4 style=\"text-align: center;\"><strong>Nela Kle\u010d\u00e1kov\u00e1<\/strong><\/h4>\n<h4 style=\"text-align: center;\"><em>u\u010ditelka<\/em><\/h4>\n<p style=\"text-align: center;\">+420 702 169 417<br \/>\ninfo@msklasek.cz<\/p>\n<p>[\/vc_column_text][vc_empty_space height=&#8220;20px&#8220;][vc_single_image image=&#8220;3886&#8243; alignment=&#8220;center&#8220;][vc_column_text]<\/p>\n<h4 style=\"text-align: center;\"><strong>Andrea Klechov\u00e1<br \/>\n<\/strong><\/h4>\n<h4 style=\"text-align: center;\"><em>kucha\u0159ka<br \/>\n<\/em><\/h4>\n<p>[\/vc_column_text][\/vc_column][\/vc_row][vc_row css=&#8220;.vc_custom_1435087871722{margin-right: 0px !important;margin-left: 0px !important;}&#8220;][vc_column el_class=&#8220;ztl-contact-form&#8220;][vc_empty_space height=&#8220;40px&#8220;][vc_empty_space height=&#8220;40px&#8220;][vc_custom_heading text=&#8220;Kontaktujte n\u00e1s:&#8220; font_container=&#8220;tag:h2|text_align:center|color:%23ef5a04&#8243; use_theme_fonts=&#8220;yes&#8220;][vc_empty_space height=&#8220;40px&#8220;]\n<div class=\"wpcf7 no-js\" id=\"wpcf7-f3273-o1\" lang=\"en-US\" dir=\"ltr\" data-wpcf7-id=\"3273\">\n<div class=\"screen-reader-response\"><p role=\"status\" aria-live=\"polite\" aria-atomic=\"true\"><\/p> <ul><\/ul><\/div>\n<form action=\"\/index.php\/wp-json\/wp\/v2\/pages\/314#wpcf7-f3273-o1\" method=\"post\" class=\"wpcf7-form init\" aria-label=\"Contact form\" novalidate=\"novalidate\" data-status=\"init\">\n<fieldset class=\"hidden-fields-container\"><input type=\"hidden\" name=\"_wpcf7\" value=\"3273\" \/><input type=\"hidden\" name=\"_wpcf7_version\" value=\"6.1.5\" \/><input type=\"hidden\" name=\"_wpcf7_locale\" value=\"en_US\" \/><input type=\"hidden\" name=\"_wpcf7_unit_tag\" value=\"wpcf7-f3273-o1\" \/><input type=\"hidden\" name=\"_wpcf7_container_post\" value=\"0\" \/><input type=\"hidden\" name=\"_wpcf7_posted_data_hash\" value=\"\" \/><input type=\"hidden\" name=\"_wpcf7_recaptcha_response\" value=\"\" \/>\n<\/fieldset>\n<p><span class=\"wpcf7-form-control-wrap\" data-name=\"your-name\"><input size=\"40\" maxlength=\"400\" class=\"wpcf7-form-control wpcf7-text wpcf7-validates-as-required\" aria-required=\"true\" aria-invalid=\"false\" placeholder=\"Jm\u00e9no\" value=\"\" type=\"text\" name=\"your-name\" \/><\/span>\n<\/p>\n<p><span class=\"wpcf7-form-control-wrap\" data-name=\"your-email\"><input size=\"40\" maxlength=\"400\" class=\"wpcf7-form-control wpcf7-email wpcf7-validates-as-required wpcf7-text wpcf7-validates-as-email\" aria-required=\"true\" aria-invalid=\"false\" placeholder=\"Email\" value=\"\" type=\"email\" name=\"your-email\" \/><\/span>\n<\/p>\n<p><span class=\"wpcf7-form-control-wrap\" data-name=\"your-message\"><textarea cols=\"40\" rows=\"10\" maxlength=\"2000\" class=\"wpcf7-form-control wpcf7-textarea\" aria-invalid=\"false\" placeholder=\"Zpr\u00e1va\" name=\"your-message\"><\/textarea><\/span>\n<\/p>\n<p><input class=\"wpcf7-form-control wpcf7-submit has-spinner\" type=\"submit\" value=\"Poslat\" \/>\n<\/p><p style=\"display: none !important;\" class=\"akismet-fields-container\" data-prefix=\"_wpcf7_ak_\"><label>&#916;<textarea name=\"_wpcf7_ak_hp_textarea\" cols=\"45\" rows=\"8\" maxlength=\"100\"><\/textarea><\/label><input type=\"hidden\" id=\"ak_js_1\" name=\"_wpcf7_ak_js\" value=\"14\"\/><script>document.getElementById( \"ak_js_1\" ).setAttribute( \"value\", ( new Date() ).getTime() );<\/script><\/p><div class=\"wpcf7-response-output\" aria-hidden=\"true\"><\/div>\n<\/form>\n<\/div>\n[vc_empty_space height=&#8220;40px&#8220;][\/vc_column][\/vc_row]<\/p>\n<\/div>","protected":false},"excerpt":{"rendered":"<p>[vc_row css=&#8220;.vc_custom_1435087865321{margin-right: 0px !important;margin-left: 0px !important;}&#8220;][vc_column][vc_empty_space height=&#8220;64px&#8220;][\/vc_column][\/vc_row][vc_row full_width=&#8220;stretch_row&#8220; css=&#8220;.vc_custom_1452369431116{margin-top: -155px !important;margin-right: 0px !important;margin-left: 0px !important;background-color: rgba(255,255,255,0.9) !important;*background-color: rgb(255,255,255) !important;}&#8220; el_class=&#8220;ztl-contact-over-map&#8220;][vc_column width=&#8220;1\/3&#8243; css=&#8220;.vc_custom_1452523135109{padding-top: 0px !important;}&#8220;][vc_column_text el_class=&#8220;ztl-contact-box&#8220;] Adresa Mate\u0159sk\u00e1 \u0161kola Kl\u00e1sek s.p.o. T\u011b\u0161nov 65\/17 Praha 1 &#8211; Nov\u00e9 m\u011bsto I\u010cO: 06081771 ID datov\u00e1 schr\u00e1nka: ap9jd39 \u010c\u00edslo bankovn\u00edho \u00fa\u010dtu: 538011\/0710 IZO 181088762 [\/vc_column_text][\/vc_column][vc_column width=&#8220;1\/3&#8243; css=&#8220;.vc_custom_1452523166923{margin-top: 0px !important;padding-top: 0px [&hellip;]<\/p>\n","protected":false},"author":1,"featured_media":0,"parent":0,"menu_order":0,"comment_status":"open","ping_status":"open","template":"template-contact-1.php","meta":{"footnotes":""},"class_list":["post-314","page","type-page","status-publish","hentry"],"_links":{"self":[{"href":"https:\/\/www.msklasek.cz\/index.php\/wp-json\/wp\/v2\/pages\/314","targetHints":{"allow":["GET"]}}],"collection":[{"href":"https:\/\/www.msklasek.cz\/index.php\/wp-json\/wp\/v2\/pages"}],"about":[{"href":"https:\/\/www.msklasek.cz\/index.php\/wp-json\/wp\/v2\/types\/page"}],"author":[{"embeddable":true,"href":"https:\/\/www.msklasek.cz\/index.php\/wp-json\/wp\/v2\/users\/1"}],"replies":[{"embeddable":true,"href":"https:\/\/www.msklasek.cz\/index.php\/wp-json\/wp\/v2\/comments?post=314"}],"version-history":[{"count":57,"href":"https:\/\/www.msklasek.cz\/index.php\/wp-json\/wp\/v2\/pages\/314\/revisions"}],"predecessor-version":[{"id":4222,"href":"https:\/\/www.msklasek.cz\/index.php\/wp-json\/wp\/v2\/pages\/314\/revisions\/4222"}],"wp:attachment":[{"href":"https:\/\/www.msklasek.cz\/index.php\/wp-json\/wp\/v2\/media?parent=314"}],"curies":[{"name":"wp","href":"https:\/\/api.w.org\/{rel}","templated":true}]}}